{"id":446,"date":"2022-06-23T08:56:51","date_gmt":"2022-06-23T06:56:51","guid":{"rendered":"http:\/\/claudinepicardpeintre.fr\/?page_id=446"},"modified":"2022-08-31T16:16:57","modified_gmt":"2022-08-31T14:16:57","slug":"peintures-a-lhuile-natures-mortes-de-bols-piece-unique","status":"publish","type":"page","link":"http:\/\/claudinepicardpeintre.fr\/?page_id=446","title":{"rendered":"Pi\u00e8ce unique"},"content":{"rendered":"\n\n[et_pb_section fb_built=\u00a0\u00bb1&Prime; _builder_version=\u00a0\u00bb4.17.4&Prime; _module_preset=\u00a0\u00bbdefault\u00a0\u00bb background_color=\u00a0\u00bb#e0e0e0&Prime; global_colors_info=\u00a0\u00bb{}\u00a0\u00bb][et_pb_row _builder_version=\u00a0\u00bb4.17.4&Prime; _module_preset=\u00a0\u00bbdefault\u00a0\u00bb custom_margin=\u00a0\u00bb2px|auto||auto||\u00a0\u00bb global_colors_info=\u00a0\u00bb{}\u00a0\u00bb][et_pb_column type=\u00a0\u00bb4_4&Prime; _builder_version=\u00a0\u00bb4.17.4&Prime; _module_preset=\u00a0\u00bbdefault\u00a0\u00bb global_colors_info=\u00a0\u00bb{}\u00a0\u00bb][et_pb_text _builder_version=\u00a0\u00bb4.17.4&Prime; _module_preset=\u00a0\u00bbdefault\u00a0\u00bb text_font_size=\u00a0\u00bb36px\u00a0\u00bb text_letter_spacing=\u00a0\u00bb8px\u00a0\u00bb text_orientation=\u00a0\u00bbcenter\u00a0\u00bb custom_margin=\u00a0\u00bb||36px|||\u00a0\u00bb global_colors_info=\u00a0\u00bb{}\u00a0\u00bb]<p>Pi\u00e8ce unique<\/p>[\/et_pb_text][\/et_pb_column][\/et_pb_row][et_pb_row _builder_version=\u00a0\u00bb4.17.4&Prime; _module_preset=\u00a0\u00bbdefault\u00a0\u00bb custom_padding=\u00a0\u00bb||5px|||\u00a0\u00bb hover_enabled=\u00a0\u00bb0&Prime; box_shadow_style=\u00a0\u00bbpreset1&Prime; global_colors_info=\u00a0\u00bb{}\u00a0\u00bb sticky_enabled=\u00a0\u00bb0&Prime;][et_pb_column type=\u00a0\u00bb4_4&Prime; _builder_version=\u00a0\u00bb4.17.4&Prime; _module_preset=\u00a0\u00bbdefault\u00a0\u00bb global_colors_info=\u00a0\u00bb{}\u00a0\u00bb][et_pb_gallery gallery_ids=\u00a0\u00bb449,456,451,453,455,452,450,454&Prime; zoom_icon_color=\u00a0\u00bb#FDD23A\u00a0\u00bb hover_icon=\u00a0\u00bb&#x54;||divi||400&Prime; _builder_version=\u00a0\u00bb4.17.4&Prime; _module_preset=\u00a0\u00bbdefault\u00a0\u00bb pagination_font=\u00a0\u00bb|600||on|||||\u00a0\u00bb pagination_text_color=\u00a0\u00bb#595959&Prime; border_width_all_image=\u00a0\u00bb1px\u00a0\u00bb box_shadow_style_image=\u00a0\u00bbpreset1&Prime; global_colors_info=\u00a0\u00bb{}\u00a0\u00bb][\/et_pb_gallery][\/et_pb_column][\/et_pb_row][\/et_pb_section]\n\n","protected":false},"excerpt":{"rendered":"<p>Pi\u00e8ce unique<\/p>\n","protected":false},"author":1,"featured_media":0,"parent":0,"menu_order":0,"comment_status":"closed","ping_status":"closed","template":"","meta":{"_et_pb_use_builder":"on","_et_pb_old_content":"","_et_gb_content_width":"","footnotes":""},"class_list":["post-446","page","type-page","status-publish","hentry"],"yoast_head":"<!-- This site is optimized with the Yoast SEO plugin v27.5 - https:\/\/yoast.com\/product\/yoast-seo-wordpress\/ -->\n<title>Pi\u00e8ce unique - Claudine PICARD<\/title>\n<meta name=\"description\" content=\"https:\/\/www.facebook.com\/claudine.picardgout.Exposition de peintures \u00e0 Torreilles Cave Pont des Arts 66 Pyr\u00e9n\u00e9es orientales Occitanie\" \/>\n<meta name=\"robots\" content=\"index, follow, max-snippet:-1, max-image-preview:large, max-video-preview:-1\" \/>\n<link rel=\"canonical\" href=\"http:\/\/claudinepicardpeintre.fr\/?page_id=446\" \/>\n<meta property=\"og:locale\" content=\"fr_FR\" \/>\n<meta property=\"og:type\" content=\"article\" \/>\n<meta property=\"og:title\" content=\"Pi\u00e8ce unique - Claudine PICARD\" \/>\n<meta property=\"og:description\" content=\"https:\/\/www.facebook.com\/claudine.picardgout.Exposition de peintures \u00e0 Torreilles Cave Pont des Arts 66 Pyr\u00e9n\u00e9es orientales Occitanie\" \/>\n<meta property=\"og:url\" content=\"http:\/\/claudinepicardpeintre.fr\/?page_id=446\" \/>\n<meta property=\"og:site_name\" content=\"Claudine PICARD\" \/>\n<meta property=\"article:modified_time\" content=\"2022-08-31T14:16:57+00:00\" \/>\n<meta name=\"twitter:card\" content=\"summary_large_image\" \/>\n<meta name=\"twitter:label1\" content=\"Dur\u00e9e de lecture estim\u00e9e\" \/>\n\t<meta name=\"twitter:data1\" content=\"1 minute\" \/>\n<script type=\"application\/ld+json\" class=\"yoast-schema-graph\">{\"@context\":\"https:\\\/\\\/schema.org\",\"@graph\":[{\"@type\":\"WebPage\",\"@id\":\"http:\\\/\\\/claudinepicardpeintre.fr\\\/?page_id=446\",\"url\":\"http:\\\/\\\/claudinepicardpeintre.fr\\\/?page_id=446\",\"name\":\"Pi\u00e8ce unique - Claudine PICARD\",\"isPartOf\":{\"@id\":\"http:\\\/\\\/claudinepicardpeintre.fr\\\/#website\"},\"datePublished\":\"2022-06-23T06:56:51+00:00\",\"dateModified\":\"2022-08-31T14:16:57+00:00\",\"description\":\"https:\\\/\\\/www.facebook.com\\\/claudine.picardgout.Exposition de peintures \u00e0 Torreilles Cave Pont des Arts 66 Pyr\u00e9n\u00e9es orientales Occitanie\",\"breadcrumb\":{\"@id\":\"http:\\\/\\\/claudinepicardpeintre.fr\\\/?page_id=446#breadcrumb\"},\"inLanguage\":\"fr-FR\",\"potentialAction\":[{\"@type\":\"ReadAction\",\"target\":[\"http:\\\/\\\/claudinepicardpeintre.fr\\\/?page_id=446\"]}]},{\"@type\":\"BreadcrumbList\",\"@id\":\"http:\\\/\\\/claudinepicardpeintre.fr\\\/?page_id=446#breadcrumb\",\"itemListElement\":[{\"@type\":\"ListItem\",\"position\":1,\"name\":\"Accueil\",\"item\":\"http:\\\/\\\/claudinepicardpeintre.fr\\\/\"},{\"@type\":\"ListItem\",\"position\":2,\"name\":\"Pi\u00e8ce unique\"}]},{\"@type\":\"WebSite\",\"@id\":\"http:\\\/\\\/claudinepicardpeintre.fr\\\/#website\",\"url\":\"http:\\\/\\\/claudinepicardpeintre.fr\\\/\",\"name\":\"Claudine PICARD\",\"description\":\"artiste peintre\",\"potentialAction\":[{\"@type\":\"SearchAction\",\"target\":{\"@type\":\"EntryPoint\",\"urlTemplate\":\"http:\\\/\\\/claudinepicardpeintre.fr\\\/?s={search_term_string}\"},\"query-input\":{\"@type\":\"PropertyValueSpecification\",\"valueRequired\":true,\"valueName\":\"search_term_string\"}}],\"inLanguage\":\"fr-FR\"}]}<\/script>\n<!-- \/ Yoast SEO plugin. -->","yoast_head_json":{"title":"Pi\u00e8ce unique - Claudine PICARD","description":"https:\/\/www.facebook.com\/claudine.picardgout.Exposition de peintures \u00e0 Torreilles Cave Pont des Arts 66 Pyr\u00e9n\u00e9es orientales Occitanie","robots":{"index":"index","follow":"follow","max-snippet":"max-snippet:-1","max-image-preview":"max-image-preview:large","max-video-preview":"max-video-preview:-1"},"canonical":"http:\/\/claudinepicardpeintre.fr\/?page_id=446","og_locale":"fr_FR","og_type":"article","og_title":"Pi\u00e8ce unique - Claudine PICARD","og_description":"https:\/\/www.facebook.com\/claudine.picardgout.Exposition de peintures \u00e0 Torreilles Cave Pont des Arts 66 Pyr\u00e9n\u00e9es orientales Occitanie","og_url":"http:\/\/claudinepicardpeintre.fr\/?page_id=446","og_site_name":"Claudine PICARD","article_modified_time":"2022-08-31T14:16:57+00:00","twitter_card":"summary_large_image","twitter_misc":{"Dur\u00e9e de lecture estim\u00e9e":"1 minute"},"schema":{"@context":"https:\/\/schema.org","@graph":[{"@type":"WebPage","@id":"http:\/\/claudinepicardpeintre.fr\/?page_id=446","url":"http:\/\/claudinepicardpeintre.fr\/?page_id=446","name":"Pi\u00e8ce unique - Claudine PICARD","isPartOf":{"@id":"http:\/\/claudinepicardpeintre.fr\/#website"},"datePublished":"2022-06-23T06:56:51+00:00","dateModified":"2022-08-31T14:16:57+00:00","description":"https:\/\/www.facebook.com\/claudine.picardgout.Exposition de peintures \u00e0 Torreilles Cave Pont des Arts 66 Pyr\u00e9n\u00e9es orientales Occitanie","breadcrumb":{"@id":"http:\/\/claudinepicardpeintre.fr\/?page_id=446#breadcrumb"},"inLanguage":"fr-FR","potentialAction":[{"@type":"ReadAction","target":["http:\/\/claudinepicardpeintre.fr\/?page_id=446"]}]},{"@type":"BreadcrumbList","@id":"http:\/\/claudinepicardpeintre.fr\/?page_id=446#breadcrumb","itemListElement":[{"@type":"ListItem","position":1,"name":"Accueil","item":"http:\/\/claudinepicardpeintre.fr\/"},{"@type":"ListItem","position":2,"name":"Pi\u00e8ce unique"}]},{"@type":"WebSite","@id":"http:\/\/claudinepicardpeintre.fr\/#website","url":"http:\/\/claudinepicardpeintre.fr\/","name":"Claudine PICARD","description":"artiste peintre","potentialAction":[{"@type":"SearchAction","target":{"@type":"EntryPoint","urlTemplate":"http:\/\/claudinepicardpeintre.fr\/?s={search_term_string}"},"query-input":{"@type":"PropertyValueSpecification","valueRequired":true,"valueName":"search_term_string"}}],"inLanguage":"fr-FR"}]}},"_links":{"self":[{"href":"http:\/\/claudinepicardpeintre.fr\/index.php?rest_route=\/wp\/v2\/pages\/446","targetHints":{"allow":["GET"]}}],"collection":[{"href":"http:\/\/claudinepicardpeintre.fr\/index.php?rest_route=\/wp\/v2\/pages"}],"about":[{"href":"http:\/\/claudinepicardpeintre.fr\/index.php?rest_route=\/wp\/v2\/types\/page"}],"author":[{"embeddable":true,"href":"http:\/\/claudinepicardpeintre.fr\/index.php?rest_route=\/wp\/v2\/users\/1"}],"replies":[{"embeddable":true,"href":"http:\/\/claudinepicardpeintre.fr\/index.php?rest_route=%2Fwp%2Fv2%2Fcomments&post=446"}],"version-history":[{"count":9,"href":"http:\/\/claudinepicardpeintre.fr\/index.php?rest_route=\/wp\/v2\/pages\/446\/revisions"}],"predecessor-version":[{"id":1765,"href":"http:\/\/claudinepicardpeintre.fr\/index.php?rest_route=\/wp\/v2\/pages\/446\/revisions\/1765"}],"wp:attachment":[{"href":"http:\/\/claudinepicardpeintre.fr\/index.php?rest_route=%2Fwp%2Fv2%2Fmedia&parent=446"}],"curies":[{"name":"wp","href":"https:\/\/api.w.org\/{rel}","templated":true}]}}