{"id":425,"date":"2022-06-21T11:05:44","date_gmt":"2022-06-21T09:05:44","guid":{"rendered":"http:\/\/claudinepicardpeintre.fr\/?page_id=425"},"modified":"2022-08-31T16:57:53","modified_gmt":"2022-08-31T14:57:53","slug":"peintures-a-lhuile-figuratives-de-natures-mortes-fruitset-legumes-sur-carton","status":"publish","type":"page","link":"http:\/\/claudinepicardpeintre.fr\/?page_id=425","title":{"rendered":"Fruits sur carton"},"content":{"rendered":"\n\n[et_pb_section fb_built=\u00a0\u00bb1&Prime; _builder_version=\u00a0\u00bb4.17.4&Prime; _module_preset=\u00a0\u00bbdefault\u00a0\u00bb background_color=\u00a0\u00bb#e0e0e0&Prime; global_colors_info=\u00a0\u00bb{}\u00a0\u00bb][et_pb_row _builder_version=\u00a0\u00bb4.17.4&Prime; _module_preset=\u00a0\u00bbdefault\u00a0\u00bb custom_margin=\u00a0\u00bb2px|auto||auto||\u00a0\u00bb global_colors_info=\u00a0\u00bb{}\u00a0\u00bb][et_pb_column type=\u00a0\u00bb4_4&Prime; _builder_version=\u00a0\u00bb4.17.4&Prime; _module_preset=\u00a0\u00bbdefault\u00a0\u00bb global_colors_info=\u00a0\u00bb{}\u00a0\u00bb][et_pb_text _builder_version=\u00a0\u00bb4.17.4&Prime; _module_preset=\u00a0\u00bbdefault\u00a0\u00bb text_font_size=\u00a0\u00bb36px\u00a0\u00bb text_letter_spacing=\u00a0\u00bb8px\u00a0\u00bb text_orientation=\u00a0\u00bbcenter\u00a0\u00bb custom_margin=\u00a0\u00bb||36px|||\u00a0\u00bb custom_padding=\u00a0\u00bb||2px|||\u00a0\u00bb global_colors_info=\u00a0\u00bb{}\u00a0\u00bb]<p>fruits sur carton<\/p>[\/et_pb_text][\/et_pb_column][\/et_pb_row][et_pb_row _builder_version=\u00a0\u00bb4.17.4&Prime; _module_preset=\u00a0\u00bbdefault\u00a0\u00bb custom_padding=\u00a0\u00bb||5px|||\u00a0\u00bb global_colors_info=\u00a0\u00bb{}\u00a0\u00bb][et_pb_column type=\u00a0\u00bb4_4&Prime; _builder_version=\u00a0\u00bb4.17.4&Prime; _module_preset=\u00a0\u00bbdefault\u00a0\u00bb global_colors_info=\u00a0\u00bb{}\u00a0\u00bb][et_pb_gallery gallery_ids=\u00a0\u00bb193&Prime; orientation=\u00a0\u00bbportrait\u00a0\u00bb zoom_icon_color=\u00a0\u00bb#FDD23A\u00a0\u00bb hover_icon=\u00a0\u00bb&#x54;||divi||400&Prime; _builder_version=\u00a0\u00bb4.17.4&Prime; _module_preset=\u00a0\u00bbdefault\u00a0\u00bb pagination_font=\u00a0\u00bb|600||on|||||\u00a0\u00bb pagination_text_color=\u00a0\u00bb#595959&Prime; hover_enabled=\u00a0\u00bb0&Prime; border_width_all_image=\u00a0\u00bb1px\u00a0\u00bb box_shadow_style_image=\u00a0\u00bbpreset1&Prime; global_colors_info=\u00a0\u00bb{}\u00a0\u00bb sticky_enabled=\u00a0\u00bb0&Prime;][\/et_pb_gallery][\/et_pb_column][\/et_pb_row][\/et_pb_section]\n\n","protected":false},"excerpt":{"rendered":"<p>fruits sur carton<\/p>\n","protected":false},"author":1,"featured_media":0,"parent":0,"menu_order":0,"comment_status":"closed","ping_status":"closed","template":"","meta":{"_et_pb_use_builder":"on","_et_pb_old_content":"","_et_gb_content_width":"","footnotes":""},"class_list":["post-425","page","type-page","status-publish","hentry"],"yoast_head":"<!-- This site is optimized with the Yoast SEO plugin v27.5 - https:\/\/yoast.com\/product\/yoast-seo-wordpress\/ -->\n<title>Fruits sur carton - Claudine PICARD<\/title>\n<meta name=\"description\" content=\"Expositions de peintures \u00e0 l&#039;huile , natures mortes ( fruits et l\u00e9gumes )galerie \u00e0 Peyriac de mer 11 Aude Occitanie Galerie Toiles de Mer\" \/>\n<meta name=\"robots\" content=\"index, follow, max-snippet:-1, max-image-preview:large, max-video-preview:-1\" \/>\n<link rel=\"canonical\" href=\"http:\/\/claudinepicardpeintre.fr\/?page_id=425\" \/>\n<meta property=\"og:locale\" content=\"fr_FR\" \/>\n<meta property=\"og:type\" content=\"article\" \/>\n<meta property=\"og:title\" content=\"Fruits sur carton - Claudine PICARD\" \/>\n<meta property=\"og:description\" content=\"Expositions de peintures \u00e0 l&#039;huile , natures mortes ( fruits et l\u00e9gumes )galerie \u00e0 Peyriac de mer 11 Aude Occitanie Galerie Toiles de Mer\" \/>\n<meta property=\"og:url\" content=\"http:\/\/claudinepicardpeintre.fr\/?page_id=425\" \/>\n<meta property=\"og:site_name\" content=\"Claudine PICARD\" \/>\n<meta property=\"article:modified_time\" content=\"2022-08-31T14:57:53+00:00\" \/>\n<meta name=\"twitter:card\" content=\"summary_large_image\" \/>\n<meta name=\"twitter:label1\" content=\"Dur\u00e9e de lecture estim\u00e9e\" \/>\n\t<meta name=\"twitter:data1\" content=\"1 minute\" \/>\n<script type=\"application\/ld+json\" class=\"yoast-schema-graph\">{\"@context\":\"https:\\\/\\\/schema.org\",\"@graph\":[{\"@type\":\"WebPage\",\"@id\":\"http:\\\/\\\/claudinepicardpeintre.fr\\\/?page_id=425\",\"url\":\"http:\\\/\\\/claudinepicardpeintre.fr\\\/?page_id=425\",\"name\":\"Fruits sur carton - Claudine PICARD\",\"isPartOf\":{\"@id\":\"http:\\\/\\\/claudinepicardpeintre.fr\\\/#website\"},\"datePublished\":\"2022-06-21T09:05:44+00:00\",\"dateModified\":\"2022-08-31T14:57:53+00:00\",\"description\":\"Expositions de peintures \u00e0 l'huile , natures mortes ( fruits et l\u00e9gumes )galerie \u00e0 Peyriac de mer 11 Aude Occitanie Galerie Toiles de Mer\",\"breadcrumb\":{\"@id\":\"http:\\\/\\\/claudinepicardpeintre.fr\\\/?page_id=425#breadcrumb\"},\"inLanguage\":\"fr-FR\",\"potentialAction\":[{\"@type\":\"ReadAction\",\"target\":[\"http:\\\/\\\/claudinepicardpeintre.fr\\\/?page_id=425\"]}]},{\"@type\":\"BreadcrumbList\",\"@id\":\"http:\\\/\\\/claudinepicardpeintre.fr\\\/?page_id=425#breadcrumb\",\"itemListElement\":[{\"@type\":\"ListItem\",\"position\":1,\"name\":\"Accueil\",\"item\":\"http:\\\/\\\/claudinepicardpeintre.fr\\\/\"},{\"@type\":\"ListItem\",\"position\":2,\"name\":\"Fruits sur carton\"}]},{\"@type\":\"WebSite\",\"@id\":\"http:\\\/\\\/claudinepicardpeintre.fr\\\/#website\",\"url\":\"http:\\\/\\\/claudinepicardpeintre.fr\\\/\",\"name\":\"Claudine PICARD\",\"description\":\"artiste peintre\",\"potentialAction\":[{\"@type\":\"SearchAction\",\"target\":{\"@type\":\"EntryPoint\",\"urlTemplate\":\"http:\\\/\\\/claudinepicardpeintre.fr\\\/?s={search_term_string}\"},\"query-input\":{\"@type\":\"PropertyValueSpecification\",\"valueRequired\":true,\"valueName\":\"search_term_string\"}}],\"inLanguage\":\"fr-FR\"}]}<\/script>\n<!-- \/ Yoast SEO plugin. -->","yoast_head_json":{"title":"Fruits sur carton - Claudine PICARD","description":"Expositions de peintures \u00e0 l'huile , natures mortes ( fruits et l\u00e9gumes )galerie \u00e0 Peyriac de mer 11 Aude Occitanie Galerie Toiles de Mer","robots":{"index":"index","follow":"follow","max-snippet":"max-snippet:-1","max-image-preview":"max-image-preview:large","max-video-preview":"max-video-preview:-1"},"canonical":"http:\/\/claudinepicardpeintre.fr\/?page_id=425","og_locale":"fr_FR","og_type":"article","og_title":"Fruits sur carton - Claudine PICARD","og_description":"Expositions de peintures \u00e0 l'huile , natures mortes ( fruits et l\u00e9gumes )galerie \u00e0 Peyriac de mer 11 Aude Occitanie Galerie Toiles de Mer","og_url":"http:\/\/claudinepicardpeintre.fr\/?page_id=425","og_site_name":"Claudine PICARD","article_modified_time":"2022-08-31T14:57:53+00:00","twitter_card":"summary_large_image","twitter_misc":{"Dur\u00e9e de lecture estim\u00e9e":"1 minute"},"schema":{"@context":"https:\/\/schema.org","@graph":[{"@type":"WebPage","@id":"http:\/\/claudinepicardpeintre.fr\/?page_id=425","url":"http:\/\/claudinepicardpeintre.fr\/?page_id=425","name":"Fruits sur carton - Claudine PICARD","isPartOf":{"@id":"http:\/\/claudinepicardpeintre.fr\/#website"},"datePublished":"2022-06-21T09:05:44+00:00","dateModified":"2022-08-31T14:57:53+00:00","description":"Expositions de peintures \u00e0 l'huile , natures mortes ( fruits et l\u00e9gumes )galerie \u00e0 Peyriac de mer 11 Aude Occitanie Galerie Toiles de Mer","breadcrumb":{"@id":"http:\/\/claudinepicardpeintre.fr\/?page_id=425#breadcrumb"},"inLanguage":"fr-FR","potentialAction":[{"@type":"ReadAction","target":["http:\/\/claudinepicardpeintre.fr\/?page_id=425"]}]},{"@type":"BreadcrumbList","@id":"http:\/\/claudinepicardpeintre.fr\/?page_id=425#breadcrumb","itemListElement":[{"@type":"ListItem","position":1,"name":"Accueil","item":"http:\/\/claudinepicardpeintre.fr\/"},{"@type":"ListItem","position":2,"name":"Fruits sur carton"}]},{"@type":"WebSite","@id":"http:\/\/claudinepicardpeintre.fr\/#website","url":"http:\/\/claudinepicardpeintre.fr\/","name":"Claudine PICARD","description":"artiste peintre","potentialAction":[{"@type":"SearchAction","target":{"@type":"EntryPoint","urlTemplate":"http:\/\/claudinepicardpeintre.fr\/?s={search_term_string}"},"query-input":{"@type":"PropertyValueSpecification","valueRequired":true,"valueName":"search_term_string"}}],"inLanguage":"fr-FR"}]}},"_links":{"self":[{"href":"http:\/\/claudinepicardpeintre.fr\/index.php?rest_route=\/wp\/v2\/pages\/425","targetHints":{"allow":["GET"]}}],"collection":[{"href":"http:\/\/claudinepicardpeintre.fr\/index.php?rest_route=\/wp\/v2\/pages"}],"about":[{"href":"http:\/\/claudinepicardpeintre.fr\/index.php?rest_route=\/wp\/v2\/types\/page"}],"author":[{"embeddable":true,"href":"http:\/\/claudinepicardpeintre.fr\/index.php?rest_route=\/wp\/v2\/users\/1"}],"replies":[{"embeddable":true,"href":"http:\/\/claudinepicardpeintre.fr\/index.php?rest_route=%2Fwp%2Fv2%2Fcomments&post=425"}],"version-history":[{"count":4,"href":"http:\/\/claudinepicardpeintre.fr\/index.php?rest_route=\/wp\/v2\/pages\/425\/revisions"}],"predecessor-version":[{"id":1744,"href":"http:\/\/claudinepicardpeintre.fr\/index.php?rest_route=\/wp\/v2\/pages\/425\/revisions\/1744"}],"wp:attachment":[{"href":"http:\/\/claudinepicardpeintre.fr\/index.php?rest_route=%2Fwp%2Fv2%2Fmedia&parent=425"}],"curies":[{"name":"wp","href":"https:\/\/api.w.org\/{rel}","templated":true}]}}